{"id":13713,"date":"2023-09-20T21:11:19","date_gmt":"2023-09-20T19:11:19","guid":{"rendered":"https:\/\/cvhm.fr\/wdprs\/?page_id=13713"},"modified":"2023-12-17T19:26:20","modified_gmt":"2023-12-17T18:26:20","slug":"escalade-formations","status":"publish","type":"page","link":"https:\/\/cvhm.fr\/wdprs\/escalade-formations\/","title":{"rendered":"Escalade : Formations"},"content":{"rendered":"\n<blockquote class=\"wp-block-quote is-layout-flow wp-block-quote-is-layout-flow\">\n<p>Pour les d\u00e9butants, mais aussi ceux qui veulent apprendre \u00e0 grimper en t\u00eate.<\/p>\n\n\n\n<p>Cette section est \u00e9galement utile pour les nouveaux adh\u00e9rents &amp; grimpeurs confirm\u00e9s, mais qui doivent valider leur autonomie<\/p>\n<\/blockquote>\n\n\n\n<div class=\"wp-block-group is-vertical is-layout-flex wp-container-core-group-is-layout-8cf370e7 wp-block-group-is-layout-flex\">\n<div class=\"wp-block-group\"><div class=\"wp-block-group__inner-container is-layout-constrained wp-block-group-is-layout-constrained\">\n<p><mark style=\"background-color:rgba(0, 0, 0, 0)\" class=\"has-inline-color has-vivid-cyan-blue-color\"><em><strong>Pr\u00e9ambule pour tous :\u00a0<\/strong><\/em><\/mark><\/p>\n\n\n\n<ul class=\"wp-block-list\">\n<li><mark style=\"background-color:rgba(0, 0, 0, 0)\" class=\"has-inline-color has-vivid-cyan-blue-color\"><em>Vous serez encadr\u00e9s par un\/ des b\u00e9n\u00e9voles dipl\u00f4m\u00e9 FFME. Merci de respecter son implication en respectant les cr\u00e9neaux sur lesquels vous \u00eates inscrits !<\/em><\/mark><\/li>\n\n\n\n<li><mark style=\"background-color:rgba(0, 0, 0, 0)\" class=\"has-inline-color has-vivid-cyan-blue-color\"><em>Vous devez \u00eatre inscrits au club pour acc\u00e9der aux formations. Si ce n&#8217;est pas fait, retrouvez toutes les infos par ici : <strong><a href=\"https:\/\/cvhm.fr\/wdprs\/inscription\/\">https:\/\/cvhm.fr\/wdprs\/inscription\/<\/a><\/strong><\/em><\/mark><\/li>\n\n\n\n<li><mark style=\"background-color:rgba(0, 0, 0, 0)\" class=\"has-inline-color has-vivid-cyan-blue-color\"><em>Ensuite il faut vous inscrire sur les cr\u00e9neaux de formation qui vous conviennent, voir ci-dessous pour le d\u00e9tail par profil et les diff\u00e9rents cr\u00e9neaux<\/em><\/mark><\/li>\n\n\n\n<li><mark style=\"background-color:rgba(0, 0, 0, 0)\" class=\"has-inline-color has-vivid-cyan-blue-color\"><em>Si vous avez des difficult\u00e9s sur les cr\u00e9neaux propos\u00e9s, n&#8217;h\u00e9sitez pas \u00e0 nous contacter sur <a href=\"mailto:contact@cvhm.fr\">contact@cvhm.fr<\/a>, nous trouverons toujours une solution !<\/em><\/mark><\/li>\n<\/ul>\n<\/div><\/div>\n<\/div>\n\n\n\n<p><span style=\"text-decoration: underline;\">Pour les <strong>d\u00e9butants <\/strong>:<\/span><\/p>\n\n\n\n<ul class=\"wp-block-list\">\n<li>Inscrivez-vous sur minimum <strong>4 sessions id\u00e9alement \u201ccons\u00e9cutives\u201d <\/strong>(m\u00eame cr\u00e9neau horaire, m\u00eame jour).<\/li>\n\n\n\n<li>Nous pourrons \u00eatre amen\u00e9s \u00e0 prolonger\/ raccourcir la dur\u00e9e de votre formation en fonction de votre autonomie<\/li>\n\n\n\n<li>Nous vous pr\u00eatons lors de ces sessions le mat\u00e9riel (baudrier, chausson, kit d&#8217;assurage)<\/li>\n\n\n\n<li>A la fin de la formation, vous aurez votre badge \u201cmoulinette\u201d<\/li>\n<\/ul>\n\n\n\n<p><span style=\"text-decoration: underline;\">Pour les grimpeurs n&#8217;ayant <strong>plus grimp\u00e9<\/strong> depuis plusieurs ann\u00e9es<\/span> :<\/p>\n\n\n\n<ul class=\"wp-block-list\">\n<li>Inscrivez-vous sur minimum <strong>2 sessions id\u00e9alement \u201ccons\u00e9cutives\u201d <\/strong>(m\u00eame cr\u00e9neau horaire, m\u00eame jour).<\/li>\n\n\n\n<li>Nous pourrons \u00eatre amen\u00e9s \u00e0 prolonger\/ raccourcir la dur\u00e9e de votre formation en fonction de votre autonomie<\/li>\n\n\n\n<li>A la fin de la formation, vous aurez votre badge \u201cmoulinette\u201d ou \u201ct\u00eate\u201d suivant votre niveau\/ votre souhait<\/li>\n<\/ul>\n\n\n\n<p><span style=\"text-decoration: underline;\">Pour les grimpeurs confirm\u00e9s <strong>nouvellement inscrits <\/strong>au club &nbsp;:<\/span><\/p>\n\n\n\n<ul class=\"wp-block-list\">\n<li>Inscrivez-vous sur <strong>1 session<\/strong><\/li>\n\n\n\n<li>Nous pourrons \u00eatre amen\u00e9s \u00e0 prolonger la dur\u00e9e de votre formation en fonction de votre autonomie<\/li>\n\n\n\n<li>A la fin de la formation, vous aurez votre badge \u201cmoulinette\u201d ou \u201ct\u00eate\u201d suivant votre niveau\/ votre souhait<\/li>\n<\/ul>\n\n\n\n<p><span style=\"text-decoration: underline;\">Pour les grimpeurs qui veulent apprendre \u00e0 grimper en t\u00eate <\/span>: <\/p>\n\n\n\n<ul class=\"wp-block-list\">\n<li>Parce que Grimper ET Assurer en t\u00eate requiert des gestes pr\u00e9cis, et une exp\u00e9rience de diff\u00e9rentes situations, cette formation est plus longue, et vous devez \u00eatre pr\u00eat \u00e0 vous engager sur un certain nombre de s\u00e9ances pour suivre cette formation. Mais ensuite, quoi de mieux que d&#8217;\u00eatre autonome, pour poser sa corde, en salle, et surtout en ext\u00e9rieur !<\/li>\n\n\n\n<li>Vous devez \u00eatre en possession de votre badge Moulinette.<\/li>\n\n\n\n<li>Vous pouvez r\u00e9ussir des vertes du mur en moulinettes<\/li>\n\n\n\n<li>Inscrivez-vous \u00e0 au moins \u00e0 6 s\u00e9ances de formation &#8220;grimpe en t\u00eate&#8221;.<\/li>\n\n\n\n<li>Apr\u00e8s ces s\u00e9ances, lorsque l&#8217;encadrant vous consid\u00e8re pr\u00eat, vous pourrez grimper en autonomie.<\/li>\n\n\n\n<li>Il vous faudra n\u00e9anmoins bien m\u00e9moriser cette nouvelle maitrise via 10 s\u00e9ances.\u00a0<\/li>\n\n\n\n<li>Si tout est ok, vous obtiendrez alors votre badge ORANGE autonomie T\u00eate<\/li>\n<\/ul>\n\n\n\n<p>\u00e0 noter : Avant ces premi\u00e8res s\u00e9ances, il est bien de vous entrainer par vous m\u00eame \u00e0 vous familiariser avec le mousquetonnage en pla\u00e7ant une corde compl\u00e9mentaire lors de votre grimpe en t\u00eate >sollicitez un r\u00e9f\u00e9rent au besoin<\/p>\n\n\n\n<p>Les fiches d&#8217;\u00e9valuation : <\/p>\n\n\n\n<ul class=\"wp-block-list\">\n<li><a href=\"https:\/\/cvhm.fr\/wdprs\/wp-content\/uploads\/2023\/12\/controle_connaissances_V202309_moulinette.pdf\">Grimpe en moulinette<\/a><\/li>\n\n\n\n<li><a href=\"https:\/\/cvhm.fr\/wdprs\/wp-content\/uploads\/2023\/12\/controle_connaissances_V202309_tete.pdf\">Grimpe en t\u00eate<\/a><\/li>\n<\/ul>\n\n\n\n<p><span style=\"text-decoration: underline;\"><strong>Liste des cr\u00e9neaux:<\/strong><\/span><\/p>\n\n\n\n<p>Utilisez nos calendrier pour trouver le cr\u00e9neau qui vous convient<\/p>\n\n\n\n<ul class=\"wp-block-list\">\n<li><a href=\"https:\/\/cvhm.fr\/wdprs\/events\/categorie\/escalade\/formation-moulinette-validation-des-acquis\/\" data-type=\"tribe_events\" data-id=\"13795\">Formation Moulinette ou Remise \u00e0 niveau ou Validation des acquis<\/a><\/li>\n\n\n\n<li><a href=\"https:\/\/cvhm.fr\/wdprs\/events\/categorie\/escalade\/formation-grimpe-en-tete\/\" data-type=\"link\" data-id=\"https:\/\/cvhm.fr\/wdprs\/events\/categorie\/escalade\/formation-grimpe-en-tete\/\">Formation Grimpe en t\u00eate <\/a><\/li>\n<\/ul>\n","protected":false},"excerpt":{"rendered":"<p>Pour les d\u00e9butants, mais aussi ceux qui veulent apprendre \u00e0 grimper en t\u00eate. Cette section est \u00e9galement utile pour les nouveaux adh\u00e9rents &amp; grimpeurs confirm\u00e9s, mais qui doivent valider leur [&hellip;]<\/p>\n","protected":false},"author":3,"featured_media":0,"parent":0,"menu_order":0,"comment_status":"closed","ping_status":"closed","template":"","meta":{"_acf_changed":false,"ngg_post_thumbnail":0,"_price":"","_stock":"","_tribe_ticket_header":"","_tribe_default_ticket_provider":"","_tribe_ticket_capacity":"0","_ticket_start_date":"","_ticket_end_date":"","_tribe_ticket_show_description":"","_tribe_ticket_show_not_going":false,"_tribe_ticket_use_global_stock":"","_tribe_ticket_global_stock_level":"","_global_stock_mode":"","_global_stock_cap":"","_tribe_rsvp_for_event":"","_tribe_ticket_going_count":"","_tribe_ticket_not_going_count":"","_tribe_tickets_list":"[]","_tribe_ticket_has_attendee_info_fields":false,"ocean_post_layout":"","ocean_both_sidebars_style":"","ocean_both_sidebars_content_width":0,"ocean_both_sidebars_sidebars_width":0,"ocean_sidebar":"0","ocean_second_sidebar":"0","ocean_disable_margins":"enable","ocean_add_body_class":"","ocean_shortcode_before_top_bar":"","ocean_shortcode_after_top_bar":"","ocean_shortcode_before_header":"","ocean_shortcode_after_header":"","ocean_has_shortcode":"","ocean_shortcode_after_title":"","ocean_shortcode_before_footer_widgets":"","ocean_shortcode_after_footer_widgets":"","ocean_shortcode_before_footer_bottom":"","ocean_shortcode_after_footer_bottom":"","ocean_display_top_bar":"default","ocean_display_header":"default","ocean_header_style":"","ocean_center_header_left_menu":"0","ocean_custom_header_template":"0","ocean_custom_logo":0,"ocean_custom_retina_logo":0,"ocean_custom_logo_max_width":0,"ocean_custom_logo_tablet_max_width":0,"ocean_custom_logo_mobile_max_width":0,"ocean_custom_logo_max_height":0,"ocean_custom_logo_tablet_max_height":0,"ocean_custom_logo_mobile_max_height":0,"ocean_header_custom_menu":"0","ocean_menu_typo_font_family":"0","ocean_menu_typo_font_subset":"","ocean_menu_typo_font_size":0,"ocean_menu_typo_font_size_tablet":0,"ocean_menu_typo_font_size_mobile":0,"ocean_menu_typo_font_size_unit":"px","ocean_menu_typo_font_weight":"","ocean_menu_typo_font_weight_tablet":"","ocean_menu_typo_font_weight_mobile":"","ocean_menu_typo_transform":"","ocean_menu_typo_transform_tablet":"","ocean_menu_typo_transform_mobile":"","ocean_menu_typo_line_height":0,"ocean_menu_typo_line_height_tablet":0,"ocean_menu_typo_line_height_mobile":0,"ocean_menu_typo_line_height_unit":"","ocean_menu_typo_spacing":0,"ocean_menu_typo_spacing_tablet":0,"ocean_menu_typo_spacing_mobile":0,"ocean_menu_typo_spacing_unit":"","ocean_menu_link_color":"","ocean_menu_link_color_hover":"","ocean_menu_link_color_active":"","ocean_menu_link_background":"","ocean_menu_link_hover_background":"","ocean_menu_link_active_background":"","ocean_menu_social_links_bg":"","ocean_menu_social_hover_links_bg":"","ocean_menu_social_links_color":"","ocean_menu_social_hover_links_color":"","ocean_disable_title":"default","ocean_disable_heading":"default","ocean_post_title":"","ocean_post_subheading":"","ocean_post_title_style":"","ocean_post_title_background_color":"","ocean_post_title_background":0,"ocean_post_title_bg_image_position":"","ocean_post_title_bg_image_attachment":"","ocean_post_title_bg_image_repeat":"","ocean_post_title_bg_image_size":"","ocean_post_title_height":0,"ocean_post_title_bg_overlay":0.5,"ocean_post_title_bg_overlay_color":"","ocean_disable_breadcrumbs":"default","ocean_breadcrumbs_color":"","ocean_breadcrumbs_separator_color":"","ocean_breadcrumbs_links_color":"","ocean_breadcrumbs_links_hover_color":"","ocean_display_footer_widgets":"default","ocean_display_footer_bottom":"default","ocean_custom_footer_template":"0","footnotes":""},"class_list":["post-13713","page","type-page","status-publish","hentry","entry"],"acf":[],"ticketed":false,"_links":{"self":[{"href":"https:\/\/cvhm.fr\/wdprs\/wp-json\/wp\/v2\/pages\/13713","targetHints":{"allow":["GET"]}}],"collection":[{"href":"https:\/\/cvhm.fr\/wdprs\/wp-json\/wp\/v2\/pages"}],"about":[{"href":"https:\/\/cvhm.fr\/wdprs\/wp-json\/wp\/v2\/types\/page"}],"author":[{"embeddable":true,"href":"https:\/\/cvhm.fr\/wdprs\/wp-json\/wp\/v2\/users\/3"}],"replies":[{"embeddable":true,"href":"https:\/\/cvhm.fr\/wdprs\/wp-json\/wp\/v2\/comments?post=13713"}],"version-history":[{"count":10,"href":"https:\/\/cvhm.fr\/wdprs\/wp-json\/wp\/v2\/pages\/13713\/revisions"}],"predecessor-version":[{"id":14229,"href":"https:\/\/cvhm.fr\/wdprs\/wp-json\/wp\/v2\/pages\/13713\/revisions\/14229"}],"wp:attachment":[{"href":"https:\/\/cvhm.fr\/wdprs\/wp-json\/wp\/v2\/media?parent=13713"}],"curies":[{"name":"wp","href":"https:\/\/api.w.org\/{rel}","templated":true}]}}