{"id":590,"date":"2021-12-28T10:07:08","date_gmt":"2021-12-28T09:07:08","guid":{"rendered":"https:\/\/cvhm.fr\/wdprs\/?page_id=590"},"modified":"2025-11-13T13:50:42","modified_gmt":"2025-11-13T12:50:42","slug":"presentation-du-cvhm","status":"publish","type":"page","link":"https:\/\/cvhm.fr\/wdprs\/presentation-du-cvhm\/","title":{"rendered":"Pr\u00e9sentation du CVHM"},"content":{"rendered":"<p><style>\/*! elementor - v3.6.5 - 27-04-2022 *\/<br \/>\n.elementor-widget-image{text-align:center}.elementor-widget-image a{display:inline-block}.elementor-widget-image a img[src$=\".svg\"]{width:48px}.elementor-widget-image img{vertical-align:middle;display:inline-block}<\/style><\/p>\n<p><img decoding=\"async\" src=\"https:\/\/cvhm.fr\/wdprs\/wp-content\/uploads\/2021\/11\/CVHM-300x126.png\" sizes=\"(max-width: 300px) 100vw, 300px\" srcset=\"https:\/\/cvhm.fr\/wdprs\/wp-content\/uploads\/2021\/11\/CVHM-300x126.png 300w, https:\/\/cvhm.fr\/wdprs\/wp-content\/uploads\/2021\/11\/CVHM-768x323.png 768w, https:\/\/cvhm.fr\/wdprs\/wp-content\/uploads\/2021\/11\/CVHM.png 875w\" alt=\"\" width=\"300\" height=\"126\"><br><img fetchpriority=\"high\" decoding=\"async\" src=\"https:\/\/cvhm.fr\/wdprs\/wp-content\/uploads\/2021\/12\/nggallery_import\/Dolos_2020_07_13_08_20_14_0-300x225.jpg\" sizes=\"(max-width: 300px) 100vw, 300px\" srcset=\"https:\/\/cvhm.fr\/wdprs\/wp-content\/uploads\/2021\/12\/nggallery_import\/Dolos_2020_07_13_08_20_14_0-300x225.jpg 300w, https:\/\/cvhm.fr\/wdprs\/wp-content\/uploads\/2021\/12\/nggallery_import\/Dolos_2020_07_13_08_20_14_0-1024x768.jpg 1024w, https:\/\/cvhm.fr\/wdprs\/wp-content\/uploads\/2021\/12\/nggallery_import\/Dolos_2020_07_13_08_20_14_0-768x576.jpg 768w, https:\/\/cvhm.fr\/wdprs\/wp-content\/uploads\/2021\/12\/nggallery_import\/Dolos_2020_07_13_08_20_14_0.jpg 1067w\" alt=\"\" width=\"300\" height=\"225\"><br><img decoding=\"async\" src=\"https:\/\/cvhm.fr\/wdprs\/wp-content\/uploads\/2021\/12\/nggallery_import\/CVHM-2020-03-15-18-300x225.jpg\" sizes=\"(max-width: 300px) 100vw, 300px\" srcset=\"https:\/\/cvhm.fr\/wdprs\/wp-content\/uploads\/2021\/12\/nggallery_import\/CVHM-2020-03-15-18-300x225.jpg 300w, https:\/\/cvhm.fr\/wdprs\/wp-content\/uploads\/2021\/12\/nggallery_import\/CVHM-2020-03-15-18-1024x768.jpg 1024w, https:\/\/cvhm.fr\/wdprs\/wp-content\/uploads\/2021\/12\/nggallery_import\/CVHM-2020-03-15-18-768x576.jpg 768w, https:\/\/cvhm.fr\/wdprs\/wp-content\/uploads\/2021\/12\/nggallery_import\/CVHM-2020-03-15-18.JPG 1066w\" alt=\"\" width=\"300\" height=\"225\"><br><img loading=\"lazy\" decoding=\"async\" src=\"https:\/\/cvhm.fr\/wdprs\/wp-content\/uploads\/2021\/12\/nggallery_import\/CVHM_2020_07_13_17_43-300x225.jpg\" sizes=\"(max-width: 300px) 100vw, 300px\" srcset=\"https:\/\/cvhm.fr\/wdprs\/wp-content\/uploads\/2021\/12\/nggallery_import\/CVHM_2020_07_13_17_43-300x225.jpg 300w, https:\/\/cvhm.fr\/wdprs\/wp-content\/uploads\/2021\/12\/nggallery_import\/CVHM_2020_07_13_17_43-1024x768.jpg 1024w, https:\/\/cvhm.fr\/wdprs\/wp-content\/uploads\/2021\/12\/nggallery_import\/CVHM_2020_07_13_17_43-768x576.jpg 768w, https:\/\/cvhm.fr\/wdprs\/wp-content\/uploads\/2021\/12\/nggallery_import\/CVHM_2020_07_13_17_43.JPG 1066w\" alt=\"\" width=\"300\" height=\"225\"><\/p>\n<p>Le <strong>Club Viennois de Haute Montagne<\/strong> est une association loi 1901 affili\u00e9e \u00e0 la F\u00e9d\u00e9ration Fran\u00e7aise de la Montagne et de l&#8217;Escalade (FFME). Sa taille est de 250 membres environs et l&#8217;ambiance est plut\u00f4t d\u00e9contract\u00e9e.<\/p>\n<p>Son but est de mettre en contact des pratiquants d&#8217;activit\u00e9s li\u00e9es \u00e0 la montagne (mais pas forc\u00e9ment la haute montagne) de la r\u00e9gion Viennoise (Is\u00e8re) ou d&#8217;ailleurs et surtout de <strong>conduire chacun vers une pratique autonome en toute s\u00e9curit\u00e9<\/strong>, il est enti\u00e8rement <strong>b\u00e9n\u00e9vole<\/strong>.<strong><br><\/strong><\/p>\n<p>Le CVHM propose de l&#8217;<strong>escalade en salle<\/strong>, de l&#8217;<strong>escalade en sites naturels<\/strong>, du <strong>ski de randonn\u00e9e<\/strong> et des <strong>stages d&#8217;escalade<\/strong>.<\/p>\n<p>Adh\u00e9rer au CVHM c&#8217;est bien \u00e9videment pouvoir participer \u00e0 l&#8217;ensemble de ses activit\u00e9 !<\/p>\n<p>Il s&#8217;adresse aux pratiquants de tous \u00e2ges et de tous niveaux.<br>Un <strong>groupe \u00ab jeunes \u00bb<\/strong> encadr\u00e9 par des membres du club regroupe, sur un cr\u00e9neau sp\u00e9cifique, une vingtaine d&#8217;enfants de 10 \u00e0 15 ans. <br>Les personnes porteuses de handicap sont les bienvenues (handisport ou sport adapt\u00e9), avec une possibilit\u00e9 d&#8217;accueil encadr\u00e9 ou visant \u00e0 l&#8217;acc\u00e8s \u00e0 l&#8217;autonomie.<\/p>\n<p>Le club participe tr\u00e8s activement \u00e0 la gestion du mur d&#8217;escalade de la Hall Sportive de Saint-Romain- en-Gal (propri\u00e9t\u00e9 de Vienne-Condrieu agglomeration) en apportant son expertise pour les choix d&#8217;\u00e9volutions et par son activit\u00e9 d&#8217;\u00e9quipement et de renouvellement des voies.<\/p>\n<p>Le club r\u00e9alise l&#8217;entretien et l&#8217;\u00e9volution du site naturel d&#8217;escalade de Jardin ; c&#8217;est une lourde charge car ce site est sujet \u00e0 la prolif\u00e9ration rapide de la mousse et le club a r\u00e9guli\u00e8rement recours \u00e0 un nettoyage m\u00e9canique (nettoyeur haute pression), une op\u00e9ration digne du g\u00e9nie militaire mais dans une ambiance hautement d\u00e9contract\u00e9e \u2026<\/p>\n<p>La communication aupr\u00e8s des adh\u00e9rents se fait par mail ou par Whatsapp. Pour adh\u00e9rer \u00e0 la communaut\u00e9 Whatsapp et recevoir les informations du club (uniquement descendantes, pas de discussion possible entre les adh\u00e9rents), Contactez-nous pour avoir le lien<\/p>\n<p>&nbsp;<\/p>\n<p>Le CVHM c&#8217;est aussi des discussions autour des sujets concernant la montagne (r\u00e9glementations, nouvelles voies, s\u00e9curit\u00e9, mat\u00e9riel \u2026) : le forum \u00ab Le coin o\u00f9 l&#8217;on cause \u00bb est l\u00e0 pour \u00e7a !<\/p>\n<p>Enfin on pourra trouver au CVHM des passionn\u00e9s pour pratiquer d&#8217;autres activit\u00e9s que nous n&#8217;organisons pas mais que nous soutenons (et qui sont couvertes par l&#8217;assurance FFME) : Voyage-escalade, Alpinisme, Cascade de glace ou plus simplement VTT (option concernant l&#8217;assurance).<\/p>\n<h2><strong>Emplacement du local du CVHM : point de rendez-vous, emprunt de mat\u00e9riel, r\u00e9unions du comit\u00e9 :<\/strong><\/h2>\n<p>11 rue du 24 avril, 38 200 VIENNE,&nbsp; 45\u00b032&#8217;33.3&#8243;N 4\u00b051&#8217;39.5&#8243;E<\/p>\n<p>&nbsp;<\/p>\n<p><style>\/*! elementor - v3.6.5 - 27-04-2022 *\/<br \/>\n.elementor-widget-google_maps .elementor-widget-container{overflow:hidden}.elementor-widget-google_maps iframe{height:300px}<\/style><\/p>\n<p><iframe title=\"45.54257296313054, 4.860963147698065\" src=\"https:\/\/maps.google.com\/maps?q=45.54257296313054%2C%204.860963147698065&amp;t=m&amp;z=15&amp;output=embed&amp;iwloc=near\" frameborder=\"0\" marginwidth=\"0\" marginheight=\"0\" scrolling=\"no\" aria-label=\"45.54257296313054, 4.860963147698065\"><\/iframe><\/p>\n\n\n<figure class=\"wp-block-image size-full\"><img loading=\"lazy\" decoding=\"async\" width=\"915\" height=\"697\" src=\"https:\/\/cvhm.fr\/wdprs\/wp-content\/uploads\/2024\/11\/LocalCVHM.png\" alt=\"\" class=\"wp-image-15948\" srcset=\"https:\/\/cvhm.fr\/wdprs\/wp-content\/uploads\/2024\/11\/LocalCVHM.png 915w, https:\/\/cvhm.fr\/wdprs\/wp-content\/uploads\/2024\/11\/LocalCVHM-300x229.png 300w, https:\/\/cvhm.fr\/wdprs\/wp-content\/uploads\/2024\/11\/LocalCVHM-768x585.png 768w\" sizes=\"(max-width: 915px) 100vw, 915px\" \/><\/figure>\n","protected":false},"excerpt":{"rendered":"<p>Le Club Viennois de Haute Montagne est une association loi 1901 affili\u00e9e \u00e0 la F\u00e9d\u00e9ration Fran\u00e7aise de la Montagne et de l&#8217;Escalade (FFME). Sa taille est de 250 membres environs [&hellip;]<\/p>\n","protected":false},"author":1,"featured_media":0,"parent":0,"menu_order":0,"comment_status":"closed","ping_status":"closed","template":"","meta":{"_acf_changed":false,"ngg_post_thumbnail":0,"_price":"","_stock":"","_tribe_ticket_header":"","_tribe_default_ticket_provider":"","_tribe_ticket_capacity":"0","_ticket_start_date":"","_ticket_end_date":"","_tribe_ticket_show_description":"","_tribe_ticket_show_not_going":false,"_tribe_ticket_use_global_stock":"","_tribe_ticket_global_stock_level":"","_global_stock_mode":"","_global_stock_cap":"","_tribe_rsvp_for_event":"","_tribe_ticket_going_count":"","_tribe_ticket_not_going_count":"","_tribe_tickets_list":"[]","_tribe_ticket_has_attendee_info_fields":false,"ocean_post_layout":"","ocean_both_sidebars_style":"","ocean_both_sidebars_content_width":0,"ocean_both_sidebars_sidebars_width":0,"ocean_sidebar":"0","ocean_second_sidebar":"0","ocean_disable_margins":"enable","ocean_add_body_class":"","ocean_shortcode_before_top_bar":"","ocean_shortcode_after_top_bar":"","ocean_shortcode_before_header":"","ocean_shortcode_after_header":"","ocean_has_shortcode":"","ocean_shortcode_after_title":"","ocean_shortcode_before_footer_widgets":"","ocean_shortcode_after_footer_widgets":"","ocean_shortcode_before_footer_bottom":"","ocean_shortcode_after_footer_bottom":"","ocean_display_top_bar":"default","ocean_display_header":"default","ocean_header_style":"","ocean_center_header_left_menu":"0","ocean_custom_header_template":"0","ocean_custom_logo":0,"ocean_custom_retina_logo":0,"ocean_custom_logo_max_width":0,"ocean_custom_logo_tablet_max_width":0,"ocean_custom_logo_mobile_max_width":0,"ocean_custom_logo_max_height":0,"ocean_custom_logo_tablet_max_height":0,"ocean_custom_logo_mobile_max_height":0,"ocean_header_custom_menu":"0","ocean_menu_typo_font_family":"0","ocean_menu_typo_font_subset":"","ocean_menu_typo_font_size":0,"ocean_menu_typo_font_size_tablet":0,"ocean_menu_typo_font_size_mobile":0,"ocean_menu_typo_font_size_unit":"px","ocean_menu_typo_font_weight":"","ocean_menu_typo_font_weight_tablet":"","ocean_menu_typo_font_weight_mobile":"","ocean_menu_typo_transform":"","ocean_menu_typo_transform_tablet":"","ocean_menu_typo_transform_mobile":"","ocean_menu_typo_line_height":0,"ocean_menu_typo_line_height_tablet":0,"ocean_menu_typo_line_height_mobile":0,"ocean_menu_typo_line_height_unit":"","ocean_menu_typo_spacing":0,"ocean_menu_typo_spacing_tablet":0,"ocean_menu_typo_spacing_mobile":0,"ocean_menu_typo_spacing_unit":"","ocean_menu_link_color":"","ocean_menu_link_color_hover":"","ocean_menu_link_color_active":"","ocean_menu_link_background":"","ocean_menu_link_hover_background":"","ocean_menu_link_active_background":"","ocean_menu_social_links_bg":"","ocean_menu_social_hover_links_bg":"","ocean_menu_social_links_color":"","ocean_menu_social_hover_links_color":"","ocean_disable_title":"default","ocean_disable_heading":"default","ocean_post_title":"","ocean_post_subheading":"","ocean_post_title_style":"","ocean_post_title_background_color":"","ocean_post_title_background":0,"ocean_post_title_bg_image_position":"","ocean_post_title_bg_image_attachment":"","ocean_post_title_bg_image_repeat":"","ocean_post_title_bg_image_size":"","ocean_post_title_height":0,"ocean_post_title_bg_overlay":0.5,"ocean_post_title_bg_overlay_color":"","ocean_disable_breadcrumbs":"default","ocean_breadcrumbs_color":"","ocean_breadcrumbs_separator_color":"","ocean_breadcrumbs_links_color":"","ocean_breadcrumbs_links_hover_color":"","ocean_display_footer_widgets":"default","ocean_display_footer_bottom":"default","ocean_custom_footer_template":"0","footnotes":""},"class_list":["post-590","page","type-page","status-publish","hentry","entry"],"acf":[],"ticketed":false,"_links":{"self":[{"href":"https:\/\/cvhm.fr\/wdprs\/wp-json\/wp\/v2\/pages\/590","targetHints":{"allow":["GET"]}}],"collection":[{"href":"https:\/\/cvhm.fr\/wdprs\/wp-json\/wp\/v2\/pages"}],"about":[{"href":"https:\/\/cvhm.fr\/wdprs\/wp-json\/wp\/v2\/types\/page"}],"author":[{"embeddable":true,"href":"https:\/\/cvhm.fr\/wdprs\/wp-json\/wp\/v2\/users\/1"}],"replies":[{"embeddable":true,"href":"https:\/\/cvhm.fr\/wdprs\/wp-json\/wp\/v2\/comments?post=590"}],"version-history":[{"count":33,"href":"https:\/\/cvhm.fr\/wdprs\/wp-json\/wp\/v2\/pages\/590\/revisions"}],"predecessor-version":[{"id":17725,"href":"https:\/\/cvhm.fr\/wdprs\/wp-json\/wp\/v2\/pages\/590\/revisions\/17725"}],"wp:attachment":[{"href":"https:\/\/cvhm.fr\/wdprs\/wp-json\/wp\/v2\/media?parent=590"}],"curies":[{"name":"wp","href":"https:\/\/api.w.org\/{rel}","templated":true}]}}