{"id":850,"date":"2021-12-28T16:14:50","date_gmt":"2021-12-28T15:14:50","guid":{"rendered":"https:\/\/cvhm.fr\/wdprs\/?page_id=850"},"modified":"2024-11-20T10:28:24","modified_gmt":"2024-11-20T09:28:24","slug":"sorties-ski-de-rando","status":"publish","type":"page","link":"https:\/\/cvhm.fr\/wdprs\/sorties-ski-de-rando\/","title":{"rendered":"Sorties Ski de Rando"},"content":{"rendered":"\t\t<div data-elementor-type=\"wp-page\" data-elementor-id=\"850\" class=\"elementor elementor-850\">\n\t\t\t\t\t\t<section class=\"elementor-section elementor-top-section elementor-element elementor-element-830a69e elementor-section-boxed elementor-section-height-default elementor-section-height-default\" data-id=\"830a69e\" data-element_type=\"section\">\n\t\t\t\t\t\t<div class=\"elementor-container elementor-column-gap-default\">\n\t\t\t\t\t<div class=\"elementor-column elementor-col-100 elementor-top-column elementor-element elementor-element-0d2edb9\" data-id=\"0d2edb9\" data-element_type=\"column\">\n\t\t\t<div class=\"elementor-widget-wrap elementor-element-populated\">\n\t\t\t\t\t\t<div class=\"elementor-element elementor-element-f796421 elementor-widget elementor-widget-text-editor\" data-id=\"f796421\" data-element_type=\"widget\" data-widget_type=\"text-editor.default\">\n\t\t\t\t<div class=\"elementor-widget-container\">\n\t\t\t<style>\/*! elementor - v3.19.0 - 07-02-2024 *\/\n.elementor-widget-text-editor.elementor-drop-cap-view-stacked .elementor-drop-cap{background-color:#69727d;color:#fff}.elementor-widget-text-editor.elementor-drop-cap-view-framed .elementor-drop-cap{color:#69727d;border:3px solid;background-color:transparent}.elementor-widget-text-editor:not(.elementor-drop-cap-view-default) .elementor-drop-cap{margin-top:8px}.elementor-widget-text-editor:not(.elementor-drop-cap-view-default) .elementor-drop-cap-letter{width:1em;height:1em}.elementor-widget-text-editor .elementor-drop-cap{float:left;text-align:center;line-height:1;font-size:50px}.elementor-widget-text-editor .elementor-drop-cap-letter{display:inline-block}<\/style>\t\t\t\t<p class=\"font_8\"><span class=\"color_14\">Le club organise des sorties ski ouvertes aux adultes membres du club. <\/span><\/p><p class=\"font_8\"><span class=\"color_14\">Son objectif est de permettre \u00e0 chacun d&#8217;arriver \u00e0 un niveau minimum d&#8217;autonomie. <\/span><\/p><p class=\"font_8\"><span class=\"color_14\">Une condition physique correcte et un bon niveau de ski de descente sont n\u00e9cessaires (capable de descendre les pistes noires).<\/span><\/p><p class=\"font_8\"><span class=\"color_14\">Venir avec son mat\u00e9riel ski\/chaussure\/b\u00e2ton\/peaux, si vous n&#8217;en poss\u00e9dez pas, n&#8217;h\u00e9sitez pas \u00e0 en louer par exemple au ski club de la Sevenne \u00e0 Saint-Just-Chaleyssin (contactez un encadrant pour avoir leurs coordonn\u00e9es) ou bien dans les magasins de location \u00e0 Lyon ou Saint-Etienne.<br \/><\/span><\/p><p class=\"font_8\"><span class=\"color_14\">La participation \u00e0 au moins un exercice de secours avalanche est obligatoire.<br \/>Les sorties sont organis\u00e9es par des b\u00e9n\u00e9voles dipl\u00f4m\u00e9s du club, le programme pourra \u00eatre modifi\u00e9 \u00e0 tout instant suivant les conditions et la constitution du groupe.<\/span><\/p><p class=\"font_8\"><span class=\"color_14\">L&#8217;inscription aux sorties se fait en contactant, le plus t\u00f4t possible, le responsable dont les coordonn\u00e9es figurent sur l&#8217;agenda du site.<br \/><\/span><\/p><p>Deroulement type :<\/p><ul><li>Vous regardez le programme, une sortie vous int\u00e9resse : vous contactez l\u2019organisateur (t\u00e9l\u00e9phone, mail), au plus t\u00f4t, il tiendra compte de votre niveau et empruntera le mat\u00e9riel qui vous sera n\u00e9cessaire (ARVA, Pelle, sonde),<\/li><li>Le dimanche matin, rendez-sous \u00e0 l&#8217;emplacement et \u00e0 l&#8217;heure pr\u00e9vus (selon la p\u00e9riode entre 5 et 7h00) : les voitures s\u2019organisent.<\/li><li>Route\/Contr\u00f4le du mat\u00e9riel de s\u00e9curit\u00e9\/ Randonn\u00e9e \u00e0 Ski\/Chocololat chaud-Bi\u00e8re (pour soutenir les \u00e9conomies locales, conducteurs exclus)\/Route.<\/li><li>Retour dans l&#8217;apr\u00e8s-midi : partage des frais de d\u00e9placement : p\u00e9ages+frais kilom\u00e9triques (0.30\u20ac\/km, inf\u00e9rieur au tarif fiscal).<\/li><\/ul><p>L\u2019activit\u00e9 est l\u2019objet de nombreuse galeries photo.<\/p><p class=\"font_8\"><span class=\"color_14\">Le forum permet \u00e9galement \u00e0 des skieurs autonomes de se contacter pour organiser une sortie hors club.<\/span><\/p>\t\t\t\t\t\t<\/div>\n\t\t\t\t<\/div>\n\t\t\t\t\t<\/div>\n\t\t<\/div>\n\t\t\t\t\t<\/div>\n\t\t<\/section>\n\t\t\t\t<section class=\"elementor-section elementor-top-section elementor-element elementor-element-61c42e3 elementor-section-boxed elementor-section-height-default elementor-section-height-default\" data-id=\"61c42e3\" data-element_type=\"section\">\n\t\t\t\t\t\t<div class=\"elementor-container elementor-column-gap-default\">\n\t\t\t\t\t<div class=\"elementor-column elementor-col-100 elementor-top-column elementor-element elementor-element-617a7f7\" data-id=\"617a7f7\" data-element_type=\"column\">\n\t\t\t<div class=\"elementor-widget-wrap elementor-element-populated\">\n\t\t\t\t\t\t<div class=\"elementor-element elementor-element-a6e1fd1 elementor-widget elementor-widget-text-editor\" data-id=\"a6e1fd1\" data-element_type=\"widget\" data-widget_type=\"text-editor.default\">\n\t\t\t\t<div class=\"elementor-widget-container\">\n\t\t\t\t\t\t\t<h3>La pratique est soumise au strict respect du r\u00e8glement int\u00e9rieur du CVHM :<\/h3>\t\t\t\t\t\t<\/div>\n\t\t\t\t<\/div>\n\t\t\t\t\t<\/div>\n\t\t<\/div>\n\t\t\t\t\t<\/div>\n\t\t<\/section>\n\t\t\t\t<section class=\"elementor-section elementor-top-section elementor-element elementor-element-bd6fd57 elementor-section-boxed elementor-section-height-default elementor-section-height-default\" data-id=\"bd6fd57\" data-element_type=\"section\">\n\t\t\t\t\t\t<div class=\"elementor-container elementor-column-gap-default\">\n\t\t\t\t\t<div class=\"elementor-column elementor-col-100 elementor-top-column elementor-element elementor-element-4da6027\" data-id=\"4da6027\" data-element_type=\"column\">\n\t\t\t<div class=\"elementor-widget-wrap elementor-element-populated\">\n\t\t\t\t\t\t<div class=\"elementor-element elementor-element-50c3397 elementor-view-default elementor-widget elementor-widget-icon\" data-id=\"50c3397\" data-element_type=\"widget\" data-widget_type=\"icon.default\">\n\t\t\t\t<div class=\"elementor-widget-container\">\n\t\t\t\t\t<div class=\"elementor-icon-wrapper\">\n\t\t\t<a class=\"elementor-icon\" href=\"https:\/\/cvhm.fr\/wdprs\/wp-content\/uploads\/2021\/12\/Reglement_CVHM_2020_08.pdf\" target=\"_blank\">\n\t\t\t<i aria-hidden=\"true\" class=\"far fa-file-pdf\"><\/i>\t\t\t<\/a>\n\t\t<\/div>\n\t\t\t\t<\/div>\n\t\t\t\t<\/div>\n\t\t\t\t\t<\/div>\n\t\t<\/div>\n\t\t\t\t\t<\/div>\n\t\t<\/section>\n\t\t\t\t<section class=\"elementor-section elementor-top-section elementor-element elementor-element-a52bdab elementor-section-boxed elementor-section-height-default elementor-section-height-default\" data-id=\"a52bdab\" data-element_type=\"section\">\n\t\t\t\t\t\t<div class=\"elementor-container elementor-column-gap-default\">\n\t\t\t\t\t<div class=\"elementor-column elementor-col-100 elementor-top-column elementor-element elementor-element-093d438\" data-id=\"093d438\" data-element_type=\"column\">\n\t\t\t<div class=\"elementor-widget-wrap elementor-element-populated\">\n\t\t\t\t\t\t<div class=\"elementor-element elementor-element-ddd6185 elementor-widget elementor-widget-text-editor\" data-id=\"ddd6185\" data-element_type=\"widget\" data-widget_type=\"text-editor.default\">\n\t\t\t\t<div class=\"elementor-widget-container\">\n\t\t\t\t\t\t\t<h3>Points de rendez-vous les plus utilis\u00e9s : Parking Tennis Pont-Ev\u00eaque, Parking B\u00e9rardier Jardin.<\/h3>\t\t\t\t\t\t<\/div>\n\t\t\t\t<\/div>\n\t\t\t\t\t<\/div>\n\t\t<\/div>\n\t\t\t\t\t<\/div>\n\t\t<\/section>\n\t\t\t\t<section class=\"elementor-section elementor-top-section elementor-element elementor-element-d69868d elementor-section-boxed elementor-section-height-default elementor-section-height-default\" data-id=\"d69868d\" data-element_type=\"section\">\n\t\t\t\t\t\t<div class=\"elementor-container elementor-column-gap-default\">\n\t\t\t\t\t<div class=\"elementor-column elementor-col-50 elementor-top-column elementor-element elementor-element-73ef5ba\" data-id=\"73ef5ba\" data-element_type=\"column\">\n\t\t\t<div class=\"elementor-widget-wrap elementor-element-populated\">\n\t\t\t\t\t\t<div class=\"elementor-element elementor-element-c4600aa elementor-widget elementor-widget-google_maps\" data-id=\"c4600aa\" data-element_type=\"widget\" data-widget_type=\"google_maps.default\">\n\t\t\t\t<div class=\"elementor-widget-container\">\n\t\t\t<style>\/*! elementor - v3.19.0 - 07-02-2024 *\/\n.elementor-widget-google_maps .elementor-widget-container{overflow:hidden}.elementor-widget-google_maps .elementor-custom-embed{line-height:0}.elementor-widget-google_maps iframe{height:300px}<\/style>\t\t<div class=\"elementor-custom-embed\">\n\t\t\t<iframe loading=\"lazy\"\n\t\t\t\t\tsrc=\"https:\/\/maps.google.com\/maps?q=45%C2%B031%2753.2%22N%204%C2%B055%2729.8%22E&#038;t=m&#038;z=14&#038;output=embed&#038;iwloc=near\"\n\t\t\t\t\ttitle=\"45\u00b031&#039;53.2&quot;N 4\u00b055&#039;29.8&quot;E\"\n\t\t\t\t\taria-label=\"45\u00b031&#039;53.2&quot;N 4\u00b055&#039;29.8&quot;E\"\n\t\t\t><\/iframe>\n\t\t<\/div>\n\t\t\t\t<\/div>\n\t\t\t\t<\/div>\n\t\t\t\t\t<\/div>\n\t\t<\/div>\n\t\t\t\t<div class=\"elementor-column elementor-col-50 elementor-top-column elementor-element elementor-element-07f2ccc\" data-id=\"07f2ccc\" data-element_type=\"column\">\n\t\t\t<div class=\"elementor-widget-wrap elementor-element-populated\">\n\t\t\t\t\t\t<div class=\"elementor-element elementor-element-3e10757 elementor-widget elementor-widget-google_maps\" data-id=\"3e10757\" data-element_type=\"widget\" data-widget_type=\"google_maps.default\">\n\t\t\t\t<div class=\"elementor-widget-container\">\n\t\t\t\t\t<div class=\"elementor-custom-embed\">\n\t\t\t<iframe loading=\"lazy\"\n\t\t\t\t\tsrc=\"https:\/\/maps.google.com\/maps?q=45%C2%B030%2718.7%22N%204%C2%B054%2741.0%22E&#038;t=m&#038;z=14&#038;output=embed&#038;iwloc=near\"\n\t\t\t\t\ttitle=\"45\u00b030&#039;18.7&quot;N 4\u00b054&#039;41.0&quot;E\"\n\t\t\t\t\taria-label=\"45\u00b030&#039;18.7&quot;N 4\u00b054&#039;41.0&quot;E\"\n\t\t\t><\/iframe>\n\t\t<\/div>\n\t\t\t\t<\/div>\n\t\t\t\t<\/div>\n\t\t\t\t\t<\/div>\n\t\t<\/div>\n\t\t\t\t\t<\/div>\n\t\t<\/section>\n\t\t\t\t<\/div>\n\t\t","protected":false},"excerpt":{"rendered":"<p>Le club organise des sorties ski ouvertes aux adultes membres du club. Son objectif est de permettre \u00e0 chacun d&#8217;arriver \u00e0 un niveau minimum d&#8217;autonomie. Une condition physique correcte et [&hellip;]<\/p>\n","protected":false},"author":1,"featured_media":0,"parent":0,"menu_order":0,"comment_status":"closed","ping_status":"closed","template":"","meta":{"_acf_changed":false,"ngg_post_thumbnail":0,"_price":"","_stock":"","_tribe_ticket_header":"","_tribe_default_ticket_provider":"","_tribe_ticket_capacity":"0","_ticket_start_date":"","_ticket_end_date":"","_tribe_ticket_show_description":"","_tribe_ticket_show_not_going":false,"_tribe_ticket_use_global_stock":"","_tribe_ticket_global_stock_level":"","_global_stock_mode":"","_global_stock_cap":"","_tribe_rsvp_for_event":"","_tribe_ticket_going_count":"","_tribe_ticket_not_going_count":"","_tribe_tickets_list":"[]","_tribe_ticket_has_attendee_info_fields":false,"ocean_post_layout":"","ocean_both_sidebars_style":"","ocean_both_sidebars_content_width":0,"ocean_both_sidebars_sidebars_width":0,"ocean_sidebar":"0","ocean_second_sidebar":"0","ocean_disable_margins":"enable","ocean_add_body_class":"","ocean_shortcode_before_top_bar":"","ocean_shortcode_after_top_bar":"","ocean_shortcode_before_header":"","ocean_shortcode_after_header":"","ocean_has_shortcode":"","ocean_shortcode_after_title":"","ocean_shortcode_before_footer_widgets":"","ocean_shortcode_after_footer_widgets":"","ocean_shortcode_before_footer_bottom":"","ocean_shortcode_after_footer_bottom":"","ocean_display_top_bar":"default","ocean_display_header":"default","ocean_header_style":"","ocean_center_header_left_menu":"0","ocean_custom_header_template":"0","ocean_custom_logo":0,"ocean_custom_retina_logo":0,"ocean_custom_logo_max_width":0,"ocean_custom_logo_tablet_max_width":0,"ocean_custom_logo_mobile_max_width":0,"ocean_custom_logo_max_height":0,"ocean_custom_logo_tablet_max_height":0,"ocean_custom_logo_mobile_max_height":0,"ocean_header_custom_menu":"0","ocean_menu_typo_font_family":"0","ocean_menu_typo_font_subset":"","ocean_menu_typo_font_size":0,"ocean_menu_typo_font_size_tablet":0,"ocean_menu_typo_font_size_mobile":0,"ocean_menu_typo_font_size_unit":"px","ocean_menu_typo_font_weight":"","ocean_menu_typo_font_weight_tablet":"","ocean_menu_typo_font_weight_mobile":"","ocean_menu_typo_transform":"","ocean_menu_typo_transform_tablet":"","ocean_menu_typo_transform_mobile":"","ocean_menu_typo_line_height":0,"ocean_menu_typo_line_height_tablet":0,"ocean_menu_typo_line_height_mobile":0,"ocean_menu_typo_line_height_unit":"","ocean_menu_typo_spacing":0,"ocean_menu_typo_spacing_tablet":0,"ocean_menu_typo_spacing_mobile":0,"ocean_menu_typo_spacing_unit":"","ocean_menu_link_color":"","ocean_menu_link_color_hover":"","ocean_menu_link_color_active":"","ocean_menu_link_background":"","ocean_menu_link_hover_background":"","ocean_menu_link_active_background":"","ocean_menu_social_links_bg":"","ocean_menu_social_hover_links_bg":"","ocean_menu_social_links_color":"","ocean_menu_social_hover_links_color":"","ocean_disable_title":"default","ocean_disable_heading":"default","ocean_post_title":"","ocean_post_subheading":"","ocean_post_title_style":"","ocean_post_title_background_color":"","ocean_post_title_background":0,"ocean_post_title_bg_image_position":"","ocean_post_title_bg_image_attachment":"","ocean_post_title_bg_image_repeat":"","ocean_post_title_bg_image_size":"","ocean_post_title_height":0,"ocean_post_title_bg_overlay":0.5,"ocean_post_title_bg_overlay_color":"","ocean_disable_breadcrumbs":"default","ocean_breadcrumbs_color":"","ocean_breadcrumbs_separator_color":"","ocean_breadcrumbs_links_color":"","ocean_breadcrumbs_links_hover_color":"","ocean_display_footer_widgets":"default","ocean_display_footer_bottom":"default","ocean_custom_footer_template":"0","footnotes":""},"class_list":["post-850","page","type-page","status-publish","hentry","entry"],"acf":[],"ticketed":false,"_links":{"self":[{"href":"https:\/\/cvhm.fr\/wdprs\/wp-json\/wp\/v2\/pages\/850","targetHints":{"allow":["GET"]}}],"collection":[{"href":"https:\/\/cvhm.fr\/wdprs\/wp-json\/wp\/v2\/pages"}],"about":[{"href":"https:\/\/cvhm.fr\/wdprs\/wp-json\/wp\/v2\/types\/page"}],"author":[{"embeddable":true,"href":"https:\/\/cvhm.fr\/wdprs\/wp-json\/wp\/v2\/users\/1"}],"replies":[{"embeddable":true,"href":"https:\/\/cvhm.fr\/wdprs\/wp-json\/wp\/v2\/comments?post=850"}],"version-history":[{"count":32,"href":"https:\/\/cvhm.fr\/wdprs\/wp-json\/wp\/v2\/pages\/850\/revisions"}],"predecessor-version":[{"id":15938,"href":"https:\/\/cvhm.fr\/wdprs\/wp-json\/wp\/v2\/pages\/850\/revisions\/15938"}],"wp:attachment":[{"href":"https:\/\/cvhm.fr\/wdprs\/wp-json\/wp\/v2\/media?parent=850"}],"curies":[{"name":"wp","href":"https:\/\/api.w.org\/{rel}","templated":true}]}}