{"id":988,"date":"2021-12-28T18:09:37","date_gmt":"2021-12-28T17:09:37","guid":{"rendered":"https:\/\/cvhm.fr\/wdprs\/?page_id=988"},"modified":"2024-11-30T00:28:43","modified_gmt":"2024-11-29T23:28:43","slug":"pret-de-materiel","status":"publish","type":"page","link":"https:\/\/cvhm.fr\/wdprs\/pret-de-materiel\/","title":{"rendered":"Pr\u00eat de Mat\u00e9riel et Topos"},"content":{"rendered":"\t\t<div data-elementor-type=\"wp-page\" data-elementor-id=\"988\" class=\"elementor elementor-988\">\n\t\t\t\t\t\t<section class=\"elementor-section elementor-top-section elementor-element elementor-element-93c0ebd elementor-section-boxed elementor-section-height-default elementor-section-height-default\" data-id=\"93c0ebd\" data-element_type=\"section\">\n\t\t\t\t\t\t<div class=\"elementor-container elementor-column-gap-default\">\n\t\t\t\t\t<div class=\"elementor-column elementor-col-100 elementor-top-column elementor-element elementor-element-9ac68b8\" data-id=\"9ac68b8\" data-element_type=\"column\">\n\t\t\t<div class=\"elementor-widget-wrap elementor-element-populated\">\n\t\t\t\t\t\t<div class=\"elementor-element elementor-element-e33af56 elementor-widget elementor-widget-text-editor\" data-id=\"e33af56\" data-element_type=\"widget\" data-widget_type=\"text-editor.default\">\n\t\t\t\t<div class=\"elementor-widget-container\">\n\t\t\t<style>\/*! elementor - v3.19.0 - 07-02-2024 *\/\n.elementor-widget-text-editor.elementor-drop-cap-view-stacked .elementor-drop-cap{background-color:#69727d;color:#fff}.elementor-widget-text-editor.elementor-drop-cap-view-framed .elementor-drop-cap{color:#69727d;border:3px solid;background-color:transparent}.elementor-widget-text-editor:not(.elementor-drop-cap-view-default) .elementor-drop-cap{margin-top:8px}.elementor-widget-text-editor:not(.elementor-drop-cap-view-default) .elementor-drop-cap-letter{width:1em;height:1em}.elementor-widget-text-editor .elementor-drop-cap{float:left;text-align:center;line-height:1;font-size:50px}.elementor-widget-text-editor .elementor-drop-cap-letter{display:inline-block}<\/style>\t\t\t\t<p align=\"LEFT\">Le club dispose de divers mat\u00e9riels qu&#8217;il entretient, contr\u00f4le et renouvelle r\u00e9guli\u00e8rement.<br \/><strong>Ce mat\u00e9riel est gratuitement mis \u00e0 disposition des adh\u00e9rents : le but est de favoriser la pratique !<\/strong><\/p><p align=\"LEFT\">Au mur (pr\u00eat sur place) :<\/p><ul><li>Baudriers,<\/li><li>Appareil d&#8217;assurance,<\/li><li>Quelques chaussons,<\/li><\/ul><p>Au local :<\/p><ul><li>Baudriers, appareil d&#8217;assurance,<\/li><li>D\u00e9gaines, casques,<\/li><li>Cordes : \u00e0 simple, rappels et cordes de randonn\u00e9e,<\/li><li>Skis de rando (quelques paires) avec\u00a0 peaux, et couteaux,<\/li><li>Raquettes,<\/li><li>Porte-skis magn\u00e9tiques, \u00e9taux, pistolet \u00e0 colle, lime \u00e0 carre pour l&#8217;entretient des skis,<\/li><li>Mat\u00e9riel de s\u00e9curit\u00e9 Ski de rando : ARVA, pelles, sondes,<\/li><li>Mat\u00e9riel d&#8217;alpinisme : piolets, crampons, broches \u00e0 glace,<\/li><li>Jeux assez complet de coinceurs : Cabl\u00e9s, S\u00e9rie compl\u00e8te des Camalots jusqu&#8217;au num\u00e9ro 4 (mat\u00e9riels tr\u00e8s couteux),<\/li><li>De nombreux topos de ski de rando, des cartes des Alpes.<\/li><\/ul><p><span style=\"text-decoration: underline;\">Topos :<\/span> Le club a pour politique d&#8217;acqu\u00e9rir tous les topos jug\u00e9s utiles, en particulier si ils participent au financement de l&#8217;\u00e9quipement pour l&#8217;escalade.<br \/>On trouvera ainsi au club la grande majorit\u00e9 des topos d&#8217;escalade du quart sud-est de la France (\u00e0 l&#8217;exception des topos britanniques qui ne participent \u00e0 rien).<br \/><strong>Si un topo int\u00e9ressant n&#8217;est pas pr\u00e9sent (nouvelle parution &#8230;), merci de le signaler.<\/strong><\/p><p>Pour les emprunts du mat\u00e9riel du local, contacter un des membres du comit\u00e9.<br \/>Lors de chaque emprunt, le membre doit annoter la fiche correspondant dans les classeurs du local, de m\u00eame qu&#8217;au retour : attention, nombre de ces mat\u00e9riels sont des EPI (\u00e9quipement de protection individuels), il est donc indispensable que toute utilisation soit signal\u00e9e et surtout que tout probl\u00e8me potentiel soit inscrit : ainsi une grosse chute sur une corde conduira \u00e0 son rebut.<\/p><p><span style=\"color: #ff6600;\">La bonne volont\u00e9 de chacun est sollicit\u00e9e afin que le mat\u00e9riel soit rendu la semaine suivante, surtout en cas de sortie club pouvant utiliser le mat\u00e9riel emprunt\u00e9.<\/span><\/p>\t\t\t\t\t\t<\/div>\n\t\t\t\t<\/div>\n\t\t\t\t\t<\/div>\n\t\t<\/div>\n\t\t\t\t\t<\/div>\n\t\t<\/section>\n\t\t\t\t<section class=\"elementor-section elementor-top-section elementor-element elementor-element-e135ca8 elementor-section-boxed elementor-section-height-default elementor-section-height-default\" data-id=\"e135ca8\" data-element_type=\"section\">\n\t\t\t\t\t\t<div class=\"elementor-container elementor-column-gap-default\">\n\t\t\t\t\t<div class=\"elementor-column elementor-col-50 elementor-top-column elementor-element elementor-element-c76a375\" data-id=\"c76a375\" data-element_type=\"column\">\n\t\t\t<div class=\"elementor-widget-wrap\">\n\t\t\t\t\t\t\t<\/div>\n\t\t<\/div>\n\t\t\t\t<div class=\"elementor-column elementor-col-50 elementor-top-column elementor-element elementor-element-293522c\" data-id=\"293522c\" data-element_type=\"column\">\n\t\t\t<div class=\"elementor-widget-wrap\">\n\t\t\t\t\t\t\t<\/div>\n\t\t<\/div>\n\t\t\t\t\t<\/div>\n\t\t<\/section>\n\t\t\t\t<section class=\"elementor-section elementor-top-section elementor-element elementor-element-a819a46 elementor-section-boxed elementor-section-height-default elementor-section-height-default\" data-id=\"a819a46\" data-element_type=\"section\">\n\t\t\t\t\t\t<div class=\"elementor-container elementor-column-gap-default\">\n\t\t\t\t\t<div class=\"elementor-column elementor-col-33 elementor-top-column elementor-element elementor-element-a2fef7f\" data-id=\"a2fef7f\" data-element_type=\"column\">\n\t\t\t<div class=\"elementor-widget-wrap elementor-element-populated\">\n\t\t\t\t\t\t<div class=\"elementor-element elementor-element-a41ff52 elementor-view-default elementor-position-top elementor-mobile-position-top elementor-widget elementor-widget-icon-box\" data-id=\"a41ff52\" data-element_type=\"widget\" data-widget_type=\"icon-box.default\">\n\t\t\t\t<div class=\"elementor-widget-container\">\n\t\t\t<link rel=\"stylesheet\" href=\"https:\/\/cvhm.fr\/wdprs\/wp-content\/plugins\/elementor\/assets\/css\/widget-icon-box.min.css\">\t\t<div class=\"elementor-icon-box-wrapper\">\n\t\t\t\t\t\t<div class=\"elementor-icon-box-icon\">\n\t\t\t\t<a href=\"https:\/\/cvhm.fr\/wdprs\/wp-content\/uploads\/2021\/12\/CVHM_matos_pret_2019_09.pdf\" target=\"_blank\" class=\"elementor-icon elementor-animation-\" tabindex=\"-1\">\n\t\t\t\t<i aria-hidden=\"true\" class=\"far fa-file-pdf\"><\/i>\t\t\t\t<\/a>\n\t\t\t<\/div>\n\t\t\t\t\t\t<div class=\"elementor-icon-box-content\">\n\t\t\t\t<h3 class=\"elementor-icon-box-title\">\n\t\t\t\t\t<a href=\"https:\/\/cvhm.fr\/wdprs\/wp-content\/uploads\/2021\/12\/CVHM_matos_pret_2019_09.pdf\" target=\"_blank\" >\n\t\t\t\t\t\tListe du mat\u00e9riel en pr\u00eat\t\t\t\t\t<\/a>\n\t\t\t\t<\/h3>\n\t\t\t\t\t\t\t<\/div>\n\t\t<\/div>\n\t\t\t\t<\/div>\n\t\t\t\t<\/div>\n\t\t\t\t\t<\/div>\n\t\t<\/div>\n\t\t\t\t<div class=\"elementor-column elementor-col-33 elementor-top-column elementor-element elementor-element-2ceef40\" data-id=\"2ceef40\" data-element_type=\"column\">\n\t\t\t<div class=\"elementor-widget-wrap elementor-element-populated\">\n\t\t\t\t\t\t<div class=\"elementor-element elementor-element-b2b2458 elementor-view-default elementor-position-top elementor-mobile-position-top elementor-widget elementor-widget-icon-box\" data-id=\"b2b2458\" data-element_type=\"widget\" data-widget_type=\"icon-box.default\">\n\t\t\t\t<div class=\"elementor-widget-container\">\n\t\t\t\t\t<div class=\"elementor-icon-box-wrapper\">\n\t\t\t\t\t\t<div class=\"elementor-icon-box-icon\">\n\t\t\t\t<a href=\"https:\/\/cvhm.fr\/wdprs\/wp-content\/uploads\/2024\/11\/CVHM_Topos_2024_11_Ref.pdf\" target=\"_blank\" class=\"elementor-icon elementor-animation-\" tabindex=\"-1\">\n\t\t\t\t<i aria-hidden=\"true\" class=\"far fa-file-pdf\"><\/i>\t\t\t\t<\/a>\n\t\t\t<\/div>\n\t\t\t\t\t\t<div class=\"elementor-icon-box-content\">\n\t\t\t\t<h3 class=\"elementor-icon-box-title\">\n\t\t\t\t\t<a href=\"https:\/\/cvhm.fr\/wdprs\/wp-content\/uploads\/2024\/11\/CVHM_Topos_2024_11_Ref.pdf\" target=\"_blank\" >\n\t\t\t\t\t\tListe des topos par num\u00e9ro\t\t\t\t\t<\/a>\n\t\t\t\t<\/h3>\n\t\t\t\t\t\t\t\t\t<p class=\"elementor-icon-box-description\">\n\t\t\t\t\t\tNovembre 2024\t\t\t\t\t<\/p>\n\t\t\t\t\t\t\t<\/div>\n\t\t<\/div>\n\t\t\t\t<\/div>\n\t\t\t\t<\/div>\n\t\t\t\t\t<\/div>\n\t\t<\/div>\n\t\t\t\t<div class=\"elementor-column elementor-col-33 elementor-top-column elementor-element elementor-element-461f566\" data-id=\"461f566\" data-element_type=\"column\">\n\t\t\t<div class=\"elementor-widget-wrap elementor-element-populated\">\n\t\t\t\t\t\t<div class=\"elementor-element elementor-element-ab19ee6 elementor-view-default elementor-position-top elementor-mobile-position-top elementor-widget elementor-widget-icon-box\" data-id=\"ab19ee6\" data-element_type=\"widget\" data-widget_type=\"icon-box.default\">\n\t\t\t\t<div class=\"elementor-widget-container\">\n\t\t\t\t\t<div class=\"elementor-icon-box-wrapper\">\n\t\t\t\t\t\t<div class=\"elementor-icon-box-icon\">\n\t\t\t\t<a href=\"https:\/\/cvhm.fr\/wdprs\/wp-content\/uploads\/2024\/11\/CVHM_Topos_2024_11_Dep.pdf\" target=\"_blank\" class=\"elementor-icon elementor-animation-\" tabindex=\"-1\">\n\t\t\t\t<i aria-hidden=\"true\" class=\"far fa-file-pdf\"><\/i>\t\t\t\t<\/a>\n\t\t\t<\/div>\n\t\t\t\t\t\t<div class=\"elementor-icon-box-content\">\n\t\t\t\t<h3 class=\"elementor-icon-box-title\">\n\t\t\t\t\t<a href=\"https:\/\/cvhm.fr\/wdprs\/wp-content\/uploads\/2024\/11\/CVHM_Topos_2024_11_Dep.pdf\" target=\"_blank\" >\n\t\t\t\t\t\tListe des topos par departement et en gros pour Bruno\t\t\t\t\t<\/a>\n\t\t\t\t<\/h3>\n\t\t\t\t\t\t\t\t\t<p class=\"elementor-icon-box-description\">\n\t\t\t\t\t\tNovembre 2024\t\t\t\t\t<\/p>\n\t\t\t\t\t\t\t<\/div>\n\t\t<\/div>\n\t\t\t\t<\/div>\n\t\t\t\t<\/div>\n\t\t\t\t\t<\/div>\n\t\t<\/div>\n\t\t\t\t\t<\/div>\n\t\t<\/section>\n\t\t\t\t<\/div>\n\t\t","protected":false},"excerpt":{"rendered":"<p>Le club dispose de divers mat\u00e9riels qu&#8217;il entretient, contr\u00f4le et renouvelle r\u00e9guli\u00e8rement.Ce mat\u00e9riel est gratuitement mis \u00e0 disposition des adh\u00e9rents : le but est de favoriser la pratique ! Au [&hellip;]<\/p>\n","protected":false},"author":1,"featured_media":0,"parent":0,"menu_order":0,"comment_status":"closed","ping_status":"closed","template":"","meta":{"_acf_changed":false,"ngg_post_thumbnail":0,"_price":"","_stock":"","_tribe_ticket_header":"","_tribe_default_ticket_provider":"","_tribe_ticket_capacity":"0","_ticket_start_date":"","_ticket_end_date":"","_tribe_ticket_show_description":"","_tribe_ticket_show_not_going":false,"_tribe_ticket_use_global_stock":"","_tribe_ticket_global_stock_level":"","_global_stock_mode":"","_global_stock_cap":"","_tribe_rsvp_for_event":"","_tribe_ticket_going_count":"","_tribe_ticket_not_going_count":"","_tribe_tickets_list":"[]","_tribe_ticket_has_attendee_info_fields":false,"ocean_post_layout":"","ocean_both_sidebars_style":"","ocean_both_sidebars_content_width":0,"ocean_both_sidebars_sidebars_width":0,"ocean_sidebar":"0","ocean_second_sidebar":"0","ocean_disable_margins":"enable","ocean_add_body_class":"","ocean_shortcode_before_top_bar":"","ocean_shortcode_after_top_bar":"","ocean_shortcode_before_header":"","ocean_shortcode_after_header":"","ocean_has_shortcode":"","ocean_shortcode_after_title":"","ocean_shortcode_before_footer_widgets":"","ocean_shortcode_after_footer_widgets":"","ocean_shortcode_before_footer_bottom":"","ocean_shortcode_after_footer_bottom":"","ocean_display_top_bar":"default","ocean_display_header":"default","ocean_header_style":"","ocean_center_header_left_menu":"0","ocean_custom_header_template":"0","ocean_custom_logo":0,"ocean_custom_retina_logo":0,"ocean_custom_logo_max_width":0,"ocean_custom_logo_tablet_max_width":0,"ocean_custom_logo_mobile_max_width":0,"ocean_custom_logo_max_height":0,"ocean_custom_logo_tablet_max_height":0,"ocean_custom_logo_mobile_max_height":0,"ocean_header_custom_menu":"0","ocean_menu_typo_font_family":"0","ocean_menu_typo_font_subset":"","ocean_menu_typo_font_size":0,"ocean_menu_typo_font_size_tablet":0,"ocean_menu_typo_font_size_mobile":0,"ocean_menu_typo_font_size_unit":"px","ocean_menu_typo_font_weight":"","ocean_menu_typo_font_weight_tablet":"","ocean_menu_typo_font_weight_mobile":"","ocean_menu_typo_transform":"","ocean_menu_typo_transform_tablet":"","ocean_menu_typo_transform_mobile":"","ocean_menu_typo_line_height":0,"ocean_menu_typo_line_height_tablet":0,"ocean_menu_typo_line_height_mobile":0,"ocean_menu_typo_line_height_unit":"","ocean_menu_typo_spacing":0,"ocean_menu_typo_spacing_tablet":0,"ocean_menu_typo_spacing_mobile":0,"ocean_menu_typo_spacing_unit":"","ocean_menu_link_color":"","ocean_menu_link_color_hover":"","ocean_menu_link_color_active":"","ocean_menu_link_background":"","ocean_menu_link_hover_background":"","ocean_menu_link_active_background":"","ocean_menu_social_links_bg":"","ocean_menu_social_hover_links_bg":"","ocean_menu_social_links_color":"","ocean_menu_social_hover_links_color":"","ocean_disable_title":"default","ocean_disable_heading":"default","ocean_post_title":"","ocean_post_subheading":"","ocean_post_title_style":"","ocean_post_title_background_color":"","ocean_post_title_background":0,"ocean_post_title_bg_image_position":"","ocean_post_title_bg_image_attachment":"","ocean_post_title_bg_image_repeat":"","ocean_post_title_bg_image_size":"","ocean_post_title_height":0,"ocean_post_title_bg_overlay":0.5,"ocean_post_title_bg_overlay_color":"","ocean_disable_breadcrumbs":"default","ocean_breadcrumbs_color":"","ocean_breadcrumbs_separator_color":"","ocean_breadcrumbs_links_color":"","ocean_breadcrumbs_links_hover_color":"","ocean_display_footer_widgets":"default","ocean_display_footer_bottom":"default","ocean_custom_footer_template":"0","footnotes":""},"class_list":["post-988","page","type-page","status-publish","hentry","entry"],"acf":[],"ticketed":false,"_links":{"self":[{"href":"https:\/\/cvhm.fr\/wdprs\/wp-json\/wp\/v2\/pages\/988","targetHints":{"allow":["GET"]}}],"collection":[{"href":"https:\/\/cvhm.fr\/wdprs\/wp-json\/wp\/v2\/pages"}],"about":[{"href":"https:\/\/cvhm.fr\/wdprs\/wp-json\/wp\/v2\/types\/page"}],"author":[{"embeddable":true,"href":"https:\/\/cvhm.fr\/wdprs\/wp-json\/wp\/v2\/users\/1"}],"replies":[{"embeddable":true,"href":"https:\/\/cvhm.fr\/wdprs\/wp-json\/wp\/v2\/comments?post=988"}],"version-history":[{"count":32,"href":"https:\/\/cvhm.fr\/wdprs\/wp-json\/wp\/v2\/pages\/988\/revisions"}],"predecessor-version":[{"id":16009,"href":"https:\/\/cvhm.fr\/wdprs\/wp-json\/wp\/v2\/pages\/988\/revisions\/16009"}],"wp:attachment":[{"href":"https:\/\/cvhm.fr\/wdprs\/wp-json\/wp\/v2\/media?parent=988"}],"curies":[{"name":"wp","href":"https:\/\/api.w.org\/{rel}","templated":true}]}}